{"id":1325,"date":"2012-01-04T11:31:32","date_gmt":"2012-01-04T11:31:32","guid":{"rendered":"https:\/\/francois-pelletant.fr\/blog\/?page_id=1325"},"modified":"2012-01-04T11:31:32","modified_gmt":"2012-01-04T11:31:32","slug":"webcams","status":"publish","type":"page","link":"https:\/\/francois-pelletant.fr\/blog\/webcams\/","title":{"rendered":"Les webcams utiles \u00e0 proximit\u00e9"},"content":{"rendered":"<p><img loading=\"lazy\" decoding=\"async\" class=\"alignnone size-full wp-image-1433\" title=\"Webcam_ban\" src=\"https:\/\/francois-pelletant.fr\/blog\/wp-content\/uploads\/2012\/01\/Webcam_ban.jpg\" alt=\"\" width=\"620\" height=\"120\" srcset=\"https:\/\/francois-pelletant.fr\/blog\/wp-content\/uploads\/2012\/01\/Webcam_ban.jpg 620w, https:\/\/francois-pelletant.fr\/blog\/wp-content\/uploads\/2012\/01\/Webcam_ban-300x58.jpg 300w\" sizes=\"auto, (max-width: 620px) 100vw, 620px\" \/><br \/>\n<span style=\"color: #800000;\">(Lecture des Webcams optimis\u00e9 pour <strong>Chrome &amp; Firefox<\/strong>.\u00a0<span style=\"text-decoration: underline;\">Sous Internet explorer, ouverture des flux dans un lecteur externe<\/span>. Vous pouvez cliquer sur le site de la cam\u00e9ra)<\/span><\/p>\n<p><strong><a href=\"http:\/\/filmsgieat.viewsurf.com\/cofiroute\/A10-SAR-S1\/media.ogg\" target=\"_blank\" rel=\"nofollow\">A10 &#8211; Direction Paris-Province<\/a><\/strong> (P\u00e9age de St Arnoult)<br \/>\n<iframe loading=\"lazy\" name=\"sa118-1\" src=\"http:\/\/filmsgieat.viewsurf.com\/cofiroute\/A10-SAR-S1\/media.ogg\" frameborder=\"0\" scrolling=\"auto\" width=\"580\" height=\"360\"><\/iframe><\/p>\n<p><strong><a href=\"http:\/\/filmsgieat.viewsurf.com\/cofiroute\/A10-A11-SAR-S2\/media.ogg\" target=\"_blank\" rel=\"nofollow\">A10 &#8211; Direction Province-Paris<\/a><\/strong> (P\u00e9age de St Arnoult)<br \/>\n<iframe loading=\"lazy\" name=\"SA118-2\" src=\"http:\/\/filmsgieat.viewsurf.com\/cofiroute\/A10-A11-SAR-S2\/media.ogg\" frameborder=\"0\" scrolling=\"auto\" width=\"580\" height=\"360\"><\/iframe><\/p>\n<p><strong><\/strong><a href=\"http:\/\/filmsgieat.viewsurf.com\/cofiroute\/A10-96.400-S1-2\/media.ogg\" target=\"_blank\" rel=\"nofollow\">A10 &#8211; Direction Province-Paris<\/a> (Echangeur A10\/A71)<br \/>\n<iframe loading=\"lazy\" name=\"A10\" src=\"http:\/\/filmsgieat.viewsurf.com\/cofiroute\/A10-96.400-S1-2\/media.ogg\" frameborder=\"0\" scrolling=\"auto\" width=\"580\" height=\"360\"><\/iframe><\/p>\n<p><strong><\/strong><a href=\"http:\/\/filmssite.viewsurf.com\/cofiroute\/C05-A10-FLB-0.990-S2_h264\/media.mp4\" target=\"_blank\" rel=\"nofollow\">A10 &#8211; Briis sous Forges<\/a> (Jonction avec la N118, pr\u00e8s des Ulis)<br \/>\n<iframe loading=\"lazy\" name=\"A10\" src=\"http:\/\/filmssite.viewsurf.com\/cofiroute\/C05-A10-FLB-0.990-S2_h264\/media.mp4\" frameborder=\"0\" scrolling=\"auto\" width=\"580\" height=\"360\"><\/iframe><\/p>\n<p><strong><\/strong><a href=\"http:\/\/filmssite.viewsurf.com\/cofiroute\/C07-A10-FLB-1.780-S1_h264\/media.mp4\" target=\"_blank\" rel=\"nofollow\">A10 &#8211; pr\u00e8s de Marcoussis<\/a> (sortie vers la N104)<br \/>\n<iframe loading=\"lazy\" name=\"A10\" src=\"http:\/\/filmssite.viewsurf.com\/cofiroute\/C07-A10-FLB-1.780-S1_h264\/media.mp4\" frameborder=\"0\" scrolling=\"auto\" width=\"580\" height=\"360\"><\/iframe><\/p>\n","protected":false},"excerpt":{"rendered":"<p>(Lecture des Webcams optimis\u00e9 pour Chrome &amp; Firefox.\u00a0Sous Internet explorer, ouverture des flux dans un lecteur externe. Vous pouvez cliquer sur le site de la cam\u00e9ra) A10 &#8211; Direction Paris-Province (P\u00e9age de St Arnoult) A10 &#8211; Direction Province-Paris (P\u00e9age de St Arnoult) A10 &#8211; Direction Province-Paris (Echangeur A10\/A71) A10 &#8211; Briis sous Forges (Jonction avec [&hellip;]<\/p>\n","protected":false},"author":1,"featured_media":0,"parent":0,"menu_order":0,"comment_status":"closed","ping_status":"closed","template":"","meta":{"footnotes":""},"class_list":["post-1325","page","type-page","status-publish","hentry"],"yoast_head":"<!-- This site is optimized with the Yoast SEO plugin v25.6 - https:\/\/yoast.com\/wordpress\/plugins\/seo\/ -->\n<title>Les webcams utiles \u00e0 proximit\u00e9 - Fran\u00e7ois Pelletant<\/title>\n<meta name=\"robots\" content=\"index, follow, max-snippet:-1, max-image-preview:large, max-video-preview:-1\" \/>\n<link rel=\"canonical\" href=\"https:\/\/francois-pelletant.fr\/blog\/webcams\/\" \/>\n<meta property=\"og:locale\" content=\"fr_FR\" \/>\n<meta property=\"og:type\" content=\"article\" \/>\n<meta property=\"og:title\" content=\"Les webcams utiles \u00e0 proximit\u00e9 - Fran\u00e7ois Pelletant\" \/>\n<meta property=\"og:description\" content=\"(Lecture des Webcams optimis\u00e9 pour Chrome &amp; Firefox.\u00a0Sous Internet explorer, ouverture des flux dans un lecteur externe. Vous pouvez cliquer sur le site de la cam\u00e9ra) A10 &#8211; Direction Paris-Province (P\u00e9age de St Arnoult) A10 &#8211; Direction Province-Paris (P\u00e9age de St Arnoult) A10 &#8211; Direction Province-Paris (Echangeur A10\/A71) A10 &#8211; Briis sous Forges (Jonction avec [&hellip;]\" \/>\n<meta property=\"og:url\" content=\"https:\/\/francois-pelletant.fr\/blog\/webcams\/\" \/>\n<meta property=\"og:site_name\" content=\"Fran\u00e7ois Pelletant\" \/>\n<meta property=\"article:publisher\" content=\"https:\/\/www.facebook.com\/francois.pelletant.7\" \/>\n<meta property=\"og:image\" content=\"https:\/\/francois-pelletant.fr\/blog\/wp-content\/uploads\/2012\/01\/Webcam_ban.jpg\" \/>\n\t<meta property=\"og:image:width\" content=\"620\" \/>\n\t<meta property=\"og:image:height\" content=\"120\" \/>\n\t<meta property=\"og:image:type\" content=\"image\/jpeg\" \/>\n<meta name=\"twitter:card\" content=\"summary_large_image\" \/>\n<meta name=\"twitter:site\" content=\"@pelletant\" \/>\n<script type=\"application\/ld+json\" class=\"yoast-schema-graph\">{\"@context\":\"https:\/\/schema.org\",\"@graph\":[{\"@type\":\"WebPage\",\"@id\":\"https:\/\/francois-pelletant.fr\/blog\/webcams\/\",\"url\":\"https:\/\/francois-pelletant.fr\/blog\/webcams\/\",\"name\":\"Les webcams utiles \u00e0 proximit\u00e9 - Fran\u00e7ois Pelletant\",\"isPartOf\":{\"@id\":\"https:\/\/francois-pelletant.fr\/blog\/#website\"},\"primaryImageOfPage\":{\"@id\":\"https:\/\/francois-pelletant.fr\/blog\/webcams\/#primaryimage\"},\"image\":{\"@id\":\"https:\/\/francois-pelletant.fr\/blog\/webcams\/#primaryimage\"},\"thumbnailUrl\":\"https:\/\/francois-pelletant.fr\/blog\/wp-content\/uploads\/2012\/01\/Webcam_ban.jpg\",\"datePublished\":\"2012-01-04T11:31:32+00:00\",\"breadcrumb\":{\"@id\":\"https:\/\/francois-pelletant.fr\/blog\/webcams\/#breadcrumb\"},\"inLanguage\":\"fr-FR\",\"potentialAction\":[{\"@type\":\"ReadAction\",\"target\":[\"https:\/\/francois-pelletant.fr\/blog\/webcams\/\"]}]},{\"@type\":\"ImageObject\",\"inLanguage\":\"fr-FR\",\"@id\":\"https:\/\/francois-pelletant.fr\/blog\/webcams\/#primaryimage\",\"url\":\"https:\/\/francois-pelletant.fr\/blog\/wp-content\/uploads\/2012\/01\/Webcam_ban.jpg\",\"contentUrl\":\"https:\/\/francois-pelletant.fr\/blog\/wp-content\/uploads\/2012\/01\/Webcam_ban.jpg\",\"width\":620,\"height\":120},{\"@type\":\"BreadcrumbList\",\"@id\":\"https:\/\/francois-pelletant.fr\/blog\/webcams\/#breadcrumb\",\"itemListElement\":[{\"@type\":\"ListItem\",\"position\":1,\"name\":\"Accueil\",\"item\":\"https:\/\/francois-pelletant.fr\/blog\/\"},{\"@type\":\"ListItem\",\"position\":2,\"name\":\"Les webcams utiles \u00e0 proximit\u00e9\"}]},{\"@type\":\"WebSite\",\"@id\":\"https:\/\/francois-pelletant.fr\/blog\/#website\",\"url\":\"https:\/\/francois-pelletant.fr\/blog\/\",\"name\":\"Fran\u00e7ois Pelletant\",\"description\":\"Maire de Linas, pour toujours.\",\"publisher\":{\"@id\":\"https:\/\/francois-pelletant.fr\/blog\/#organization\"},\"potentialAction\":[{\"@type\":\"SearchAction\",\"target\":{\"@type\":\"EntryPoint\",\"urlTemplate\":\"https:\/\/francois-pelletant.fr\/blog\/?s={search_term_string}\"},\"query-input\":{\"@type\":\"PropertyValueSpecification\",\"valueRequired\":true,\"valueName\":\"search_term_string\"}}],\"inLanguage\":\"fr-FR\"},{\"@type\":\"Organization\",\"@id\":\"https:\/\/francois-pelletant.fr\/blog\/#organization\",\"name\":\"Fran\u00e7ois Pelletant\",\"url\":\"https:\/\/francois-pelletant.fr\/blog\/\",\"logo\":{\"@type\":\"ImageObject\",\"inLanguage\":\"fr-FR\",\"@id\":\"https:\/\/francois-pelletant.fr\/blog\/#\/schema\/logo\/image\/\",\"url\":\"https:\/\/francois-pelletant.fr\/blog\/wp-content\/uploads\/2024\/07\/icone-francois-centre-500p.png\",\"contentUrl\":\"https:\/\/francois-pelletant.fr\/blog\/wp-content\/uploads\/2024\/07\/icone-francois-centre-500p.png\",\"width\":559,\"height\":447,\"caption\":\"Fran\u00e7ois Pelletant\"},\"image\":{\"@id\":\"https:\/\/francois-pelletant.fr\/blog\/#\/schema\/logo\/image\/\"},\"sameAs\":[\"https:\/\/www.facebook.com\/francois.pelletant.7\",\"https:\/\/x.com\/pelletant\"]}]}<\/script>\n<!-- \/ Yoast SEO plugin. -->","yoast_head_json":{"title":"Les webcams utiles \u00e0 proximit\u00e9 - Fran\u00e7ois Pelletant","robots":{"index":"index","follow":"follow","max-snippet":"max-snippet:-1","max-image-preview":"max-image-preview:large","max-video-preview":"max-video-preview:-1"},"canonical":"https:\/\/francois-pelletant.fr\/blog\/webcams\/","og_locale":"fr_FR","og_type":"article","og_title":"Les webcams utiles \u00e0 proximit\u00e9 - Fran\u00e7ois Pelletant","og_description":"(Lecture des Webcams optimis\u00e9 pour Chrome &amp; Firefox.\u00a0Sous Internet explorer, ouverture des flux dans un lecteur externe. Vous pouvez cliquer sur le site de la cam\u00e9ra) A10 &#8211; Direction Paris-Province (P\u00e9age de St Arnoult) A10 &#8211; Direction Province-Paris (P\u00e9age de St Arnoult) A10 &#8211; Direction Province-Paris (Echangeur A10\/A71) A10 &#8211; Briis sous Forges (Jonction avec [&hellip;]","og_url":"https:\/\/francois-pelletant.fr\/blog\/webcams\/","og_site_name":"Fran\u00e7ois Pelletant","article_publisher":"https:\/\/www.facebook.com\/francois.pelletant.7","og_image":[{"width":620,"height":120,"url":"https:\/\/francois-pelletant.fr\/blog\/wp-content\/uploads\/2012\/01\/Webcam_ban.jpg","type":"image\/jpeg"}],"twitter_card":"summary_large_image","twitter_site":"@pelletant","schema":{"@context":"https:\/\/schema.org","@graph":[{"@type":"WebPage","@id":"https:\/\/francois-pelletant.fr\/blog\/webcams\/","url":"https:\/\/francois-pelletant.fr\/blog\/webcams\/","name":"Les webcams utiles \u00e0 proximit\u00e9 - Fran\u00e7ois Pelletant","isPartOf":{"@id":"https:\/\/francois-pelletant.fr\/blog\/#website"},"primaryImageOfPage":{"@id":"https:\/\/francois-pelletant.fr\/blog\/webcams\/#primaryimage"},"image":{"@id":"https:\/\/francois-pelletant.fr\/blog\/webcams\/#primaryimage"},"thumbnailUrl":"https:\/\/francois-pelletant.fr\/blog\/wp-content\/uploads\/2012\/01\/Webcam_ban.jpg","datePublished":"2012-01-04T11:31:32+00:00","breadcrumb":{"@id":"https:\/\/francois-pelletant.fr\/blog\/webcams\/#breadcrumb"},"inLanguage":"fr-FR","potentialAction":[{"@type":"ReadAction","target":["https:\/\/francois-pelletant.fr\/blog\/webcams\/"]}]},{"@type":"ImageObject","inLanguage":"fr-FR","@id":"https:\/\/francois-pelletant.fr\/blog\/webcams\/#primaryimage","url":"https:\/\/francois-pelletant.fr\/blog\/wp-content\/uploads\/2012\/01\/Webcam_ban.jpg","contentUrl":"https:\/\/francois-pelletant.fr\/blog\/wp-content\/uploads\/2012\/01\/Webcam_ban.jpg","width":620,"height":120},{"@type":"BreadcrumbList","@id":"https:\/\/francois-pelletant.fr\/blog\/webcams\/#breadcrumb","itemListElement":[{"@type":"ListItem","position":1,"name":"Accueil","item":"https:\/\/francois-pelletant.fr\/blog\/"},{"@type":"ListItem","position":2,"name":"Les webcams utiles \u00e0 proximit\u00e9"}]},{"@type":"WebSite","@id":"https:\/\/francois-pelletant.fr\/blog\/#website","url":"https:\/\/francois-pelletant.fr\/blog\/","name":"Fran\u00e7ois Pelletant","description":"Maire de Linas, pour toujours.","publisher":{"@id":"https:\/\/francois-pelletant.fr\/blog\/#organization"},"potentialAction":[{"@type":"SearchAction","target":{"@type":"EntryPoint","urlTemplate":"https:\/\/francois-pelletant.fr\/blog\/?s={search_term_string}"},"query-input":{"@type":"PropertyValueSpecification","valueRequired":true,"valueName":"search_term_string"}}],"inLanguage":"fr-FR"},{"@type":"Organization","@id":"https:\/\/francois-pelletant.fr\/blog\/#organization","name":"Fran\u00e7ois Pelletant","url":"https:\/\/francois-pelletant.fr\/blog\/","logo":{"@type":"ImageObject","inLanguage":"fr-FR","@id":"https:\/\/francois-pelletant.fr\/blog\/#\/schema\/logo\/image\/","url":"https:\/\/francois-pelletant.fr\/blog\/wp-content\/uploads\/2024\/07\/icone-francois-centre-500p.png","contentUrl":"https:\/\/francois-pelletant.fr\/blog\/wp-content\/uploads\/2024\/07\/icone-francois-centre-500p.png","width":559,"height":447,"caption":"Fran\u00e7ois Pelletant"},"image":{"@id":"https:\/\/francois-pelletant.fr\/blog\/#\/schema\/logo\/image\/"},"sameAs":["https:\/\/www.facebook.com\/francois.pelletant.7","https:\/\/x.com\/pelletant"]}]}},"_links":{"self":[{"href":"https:\/\/francois-pelletant.fr\/blog\/wp-json\/wp\/v2\/pages\/1325","targetHints":{"allow":["GET"]}}],"collection":[{"href":"https:\/\/francois-pelletant.fr\/blog\/wp-json\/wp\/v2\/pages"}],"about":[{"href":"https:\/\/francois-pelletant.fr\/blog\/wp-json\/wp\/v2\/types\/page"}],"author":[{"embeddable":true,"href":"https:\/\/francois-pelletant.fr\/blog\/wp-json\/wp\/v2\/users\/1"}],"replies":[{"embeddable":true,"href":"https:\/\/francois-pelletant.fr\/blog\/wp-json\/wp\/v2\/comments?post=1325"}],"version-history":[{"count":0,"href":"https:\/\/francois-pelletant.fr\/blog\/wp-json\/wp\/v2\/pages\/1325\/revisions"}],"wp:attachment":[{"href":"https:\/\/francois-pelletant.fr\/blog\/wp-json\/wp\/v2\/media?parent=1325"}],"curies":[{"name":"wp","href":"https:\/\/api.w.org\/{rel}","templated":true}]}}