{"id":13285,"date":"2020-06-24T15:53:26","date_gmt":"2020-06-24T15:53:26","guid":{"rendered":"https:\/\/francois-pelletant.fr\/blog\/?page_id=13285"},"modified":"2020-06-24T16:17:10","modified_gmt":"2020-06-24T16:17:10","slug":"mon-equipe-2","status":"publish","type":"page","link":"https:\/\/francois-pelletant.fr\/blog\/mon-equipe-2\/","title":{"rendered":"Mon \u00c9quipe"},"content":{"rendered":"<h2>La liste LINAS NOUS RASSEMBLE:<\/h2>\n<h3>Mes Adjoints :<\/h3>\n<figure><img decoding=\"async\" src=\"https:\/\/francois-pelletant.fr\/blog\/wp-content\/uploads\/2014\/03\/MATIAS.jpg\" alt=\"Rui MATIAS\"\/><\/figure>\n<h3>Rui Matias<\/h3>\n<figure><img decoding=\"async\" src=\"https:\/\/francois-pelletant.fr\/blog\/wp-content\/uploads\/2014\/03\/WAILL2.jpg\" alt=\"Pascal WAILL\"\/><\/figure>\n<h3>Pascal Waill<\/h3>\n<figure><img decoding=\"async\" src=\"https:\/\/francois-pelletant.fr\/blog\/wp-content\/uploads\/2014\/03\/JULIE.jpg\" alt=\"JULIE\"\/><\/figure>\n<h3>Bernard Julie<\/h3>\n<figure><img decoding=\"async\" src=\"https:\/\/francois-pelletant.fr\/blog\/wp-content\/uploads\/2014\/03\/ONILLON.jpg\" alt=\"Simone ONILLON\"\/><\/figure>\n<h3>Simone Onillon<\/h3>\n<h3>Mes Conseillers municipaux :<\/h3>\n<figure><img decoding=\"async\" src=\"https:\/\/francois-pelletant.fr\/blog\/wp-content\/uploads\/2014\/03\/FLORAND.jpg\" alt=\"FLORAND\"\/><\/figure>\n<h3>Michel Forand<\/h3>\n<figure><img decoding=\"async\" src=\"https:\/\/francois-pelletant.fr\/blog\/wp-content\/uploads\/2014\/03\/macel.jpg\" alt=\"Fran\u00e7ois-Xavier MACEL\"\/><\/figure>\n<h3>Fran\u00e7ois-Xavier Macel<\/h3>\n<figure><img decoding=\"async\" src=\"https:\/\/francois-pelletant.fr\/blog\/wp-content\/uploads\/2014\/03\/morand.jpg\" alt=\"Louise MORAND\"\/><\/figure>\n<h3>Louise Morand<\/h3>\n<figure><img decoding=\"async\" src=\"https:\/\/francois-pelletant.fr\/blog\/wp-content\/uploads\/2014\/03\/cartalade.jpg\" alt=\"Jacqueline CARTALADE\"\/><\/figure>\n<h3>Jacqueline Cartalade<\/h3>\n<figure><img decoding=\"async\" src=\"https:\/\/francois-pelletant.fr\/blog\/wp-content\/uploads\/2014\/03\/barsanti.jpg\" alt=\"William BARSANTI\"\/><\/figure>\n<h3>William Barsanti<\/h3>\n<figure><img decoding=\"async\" src=\"https:\/\/francois-pelletant.fr\/blog\/wp-content\/uploads\/2014\/03\/senia.jpg\" alt=\"Martine SENIA\"\/><\/figure>\n<h3>Martine Senia<\/h3>\n<figure><img decoding=\"async\" src=\"https:\/\/francois-pelletant.fr\/blog\/wp-content\/uploads\/2014\/03\/leclerc.jpg\" alt=\"V\u00e9ronique LECLERC\"\/><\/figure>\n<h3>V\u00e9ronique Leclerc<\/h3>\n<figure><img decoding=\"async\" src=\"https:\/\/francois-pelletant.fr\/blog\/wp-content\/uploads\/2014\/03\/bausmayer.jpg\" alt=\"Aur\u00e9lie BAUSMAYER\"\/><\/figure>\n<h3>Aur\u00e9lie Bausmayer<\/h3>\n<figure><img decoding=\"async\" src=\"https:\/\/francois-pelletant.fr\/blog\/wp-content\/uploads\/2014\/03\/ozeel.jpg\" alt=\"Florence OZEEL\"\/><\/figure>\n<h3>Florence Ozeel<\/h3>\n<figure><img decoding=\"async\" src=\"https:\/\/francois-pelletant.fr\/blog\/wp-content\/uploads\/2014\/03\/pires.jpg\" alt=\"Sandrine PIRES\"\/><\/figure>\n<h3>Sandrine Pires<\/h3>\n","protected":false},"excerpt":{"rendered":"<p>La liste LINAS NOUS RASSEMBLE: Mes Adjoints : Rui Matias Pascal Waill Bernard Julie Simone Onillon Mes Conseillers municipaux : Michel Forand Fran\u00e7ois-Xavier Macel Louise Morand Jacqueline Cartalade William Barsanti Martine Senia V\u00e9ronique Leclerc Aur\u00e9lie Bausmayer Florence Ozeel Sandrine Pires<\/p>\n","protected":false},"author":2,"featured_media":0,"parent":0,"menu_order":0,"comment_status":"closed","ping_status":"closed","template":"","meta":{"footnotes":""},"class_list":["post-13285","page","type-page","status-publish","hentry"],"yoast_head":"<!-- This site is optimized with the Yoast SEO plugin v25.6 - https:\/\/yoast.com\/wordpress\/plugins\/seo\/ -->\n<title>Mon \u00c9quipe - Fran\u00e7ois Pelletant<\/title>\n<meta name=\"robots\" content=\"index, follow, max-snippet:-1, max-image-preview:large, max-video-preview:-1\" \/>\n<link rel=\"canonical\" href=\"https:\/\/francois-pelletant.fr\/blog\/mon-equipe-2\/\" \/>\n<meta property=\"og:locale\" content=\"fr_FR\" \/>\n<meta property=\"og:type\" content=\"article\" \/>\n<meta property=\"og:title\" content=\"Mon \u00c9quipe - Fran\u00e7ois Pelletant\" \/>\n<meta property=\"og:description\" content=\"La liste LINAS NOUS RASSEMBLE: Mes Adjoints : Rui Matias Pascal Waill Bernard Julie Simone Onillon Mes Conseillers municipaux : Michel Forand Fran\u00e7ois-Xavier Macel Louise Morand Jacqueline Cartalade William Barsanti Martine Senia V\u00e9ronique Leclerc Aur\u00e9lie Bausmayer Florence Ozeel Sandrine Pires\" \/>\n<meta property=\"og:url\" content=\"https:\/\/francois-pelletant.fr\/blog\/mon-equipe-2\/\" \/>\n<meta property=\"og:site_name\" content=\"Fran\u00e7ois Pelletant\" \/>\n<meta property=\"article:publisher\" content=\"https:\/\/www.facebook.com\/francois.pelletant.7\" \/>\n<meta property=\"article:modified_time\" content=\"2020-06-24T16:17:10+00:00\" \/>\n<meta property=\"og:image\" content=\"https:\/\/francois-pelletant.fr\/blog\/wp-content\/uploads\/2014\/03\/MATIAS.jpg\" \/>\n<meta name=\"twitter:card\" content=\"summary_large_image\" \/>\n<meta name=\"twitter:site\" content=\"@pelletant\" \/>\n<script type=\"application\/ld+json\" class=\"yoast-schema-graph\">{\"@context\":\"https:\/\/schema.org\",\"@graph\":[{\"@type\":\"WebPage\",\"@id\":\"https:\/\/francois-pelletant.fr\/blog\/mon-equipe-2\/\",\"url\":\"https:\/\/francois-pelletant.fr\/blog\/mon-equipe-2\/\",\"name\":\"Mon \u00c9quipe - Fran\u00e7ois Pelletant\",\"isPartOf\":{\"@id\":\"https:\/\/francois-pelletant.fr\/blog\/#website\"},\"primaryImageOfPage\":{\"@id\":\"https:\/\/francois-pelletant.fr\/blog\/mon-equipe-2\/#primaryimage\"},\"image\":{\"@id\":\"https:\/\/francois-pelletant.fr\/blog\/mon-equipe-2\/#primaryimage\"},\"thumbnailUrl\":\"https:\/\/francois-pelletant.fr\/blog\/wp-content\/uploads\/2014\/03\/MATIAS.jpg\",\"datePublished\":\"2020-06-24T15:53:26+00:00\",\"dateModified\":\"2020-06-24T16:17:10+00:00\",\"breadcrumb\":{\"@id\":\"https:\/\/francois-pelletant.fr\/blog\/mon-equipe-2\/#breadcrumb\"},\"inLanguage\":\"fr-FR\",\"potentialAction\":[{\"@type\":\"ReadAction\",\"target\":[\"https:\/\/francois-pelletant.fr\/blog\/mon-equipe-2\/\"]}]},{\"@type\":\"ImageObject\",\"inLanguage\":\"fr-FR\",\"@id\":\"https:\/\/francois-pelletant.fr\/blog\/mon-equipe-2\/#primaryimage\",\"url\":\"https:\/\/francois-pelletant.fr\/blog\/wp-content\/uploads\/2014\/03\/MATIAS.jpg\",\"contentUrl\":\"https:\/\/francois-pelletant.fr\/blog\/wp-content\/uploads\/2014\/03\/MATIAS.jpg\",\"width\":489,\"height\":728,\"caption\":\"Rui MATIAS\"},{\"@type\":\"BreadcrumbList\",\"@id\":\"https:\/\/francois-pelletant.fr\/blog\/mon-equipe-2\/#breadcrumb\",\"itemListElement\":[{\"@type\":\"ListItem\",\"position\":1,\"name\":\"Accueil\",\"item\":\"https:\/\/francois-pelletant.fr\/blog\/\"},{\"@type\":\"ListItem\",\"position\":2,\"name\":\"Mon \u00c9quipe\"}]},{\"@type\":\"WebSite\",\"@id\":\"https:\/\/francois-pelletant.fr\/blog\/#website\",\"url\":\"https:\/\/francois-pelletant.fr\/blog\/\",\"name\":\"Fran\u00e7ois Pelletant\",\"description\":\"Maire de Linas, pour toujours.\",\"publisher\":{\"@id\":\"https:\/\/francois-pelletant.fr\/blog\/#organization\"},\"potentialAction\":[{\"@type\":\"SearchAction\",\"target\":{\"@type\":\"EntryPoint\",\"urlTemplate\":\"https:\/\/francois-pelletant.fr\/blog\/?s={search_term_string}\"},\"query-input\":{\"@type\":\"PropertyValueSpecification\",\"valueRequired\":true,\"valueName\":\"search_term_string\"}}],\"inLanguage\":\"fr-FR\"},{\"@type\":\"Organization\",\"@id\":\"https:\/\/francois-pelletant.fr\/blog\/#organization\",\"name\":\"Fran\u00e7ois Pelletant\",\"url\":\"https:\/\/francois-pelletant.fr\/blog\/\",\"logo\":{\"@type\":\"ImageObject\",\"inLanguage\":\"fr-FR\",\"@id\":\"https:\/\/francois-pelletant.fr\/blog\/#\/schema\/logo\/image\/\",\"url\":\"https:\/\/francois-pelletant.fr\/blog\/wp-content\/uploads\/2024\/07\/icone-francois-centre-500p.png\",\"contentUrl\":\"https:\/\/francois-pelletant.fr\/blog\/wp-content\/uploads\/2024\/07\/icone-francois-centre-500p.png\",\"width\":559,\"height\":447,\"caption\":\"Fran\u00e7ois Pelletant\"},\"image\":{\"@id\":\"https:\/\/francois-pelletant.fr\/blog\/#\/schema\/logo\/image\/\"},\"sameAs\":[\"https:\/\/www.facebook.com\/francois.pelletant.7\",\"https:\/\/x.com\/pelletant\"]}]}<\/script>\n<!-- \/ Yoast SEO plugin. -->","yoast_head_json":{"title":"Mon \u00c9quipe - Fran\u00e7ois Pelletant","robots":{"index":"index","follow":"follow","max-snippet":"max-snippet:-1","max-image-preview":"max-image-preview:large","max-video-preview":"max-video-preview:-1"},"canonical":"https:\/\/francois-pelletant.fr\/blog\/mon-equipe-2\/","og_locale":"fr_FR","og_type":"article","og_title":"Mon \u00c9quipe - Fran\u00e7ois Pelletant","og_description":"La liste LINAS NOUS RASSEMBLE: Mes Adjoints : Rui Matias Pascal Waill Bernard Julie Simone Onillon Mes Conseillers municipaux : Michel Forand Fran\u00e7ois-Xavier Macel Louise Morand Jacqueline Cartalade William Barsanti Martine Senia V\u00e9ronique Leclerc Aur\u00e9lie Bausmayer Florence Ozeel Sandrine Pires","og_url":"https:\/\/francois-pelletant.fr\/blog\/mon-equipe-2\/","og_site_name":"Fran\u00e7ois Pelletant","article_publisher":"https:\/\/www.facebook.com\/francois.pelletant.7","article_modified_time":"2020-06-24T16:17:10+00:00","og_image":[{"url":"https:\/\/francois-pelletant.fr\/blog\/wp-content\/uploads\/2014\/03\/MATIAS.jpg","type":"","width":"","height":""}],"twitter_card":"summary_large_image","twitter_site":"@pelletant","schema":{"@context":"https:\/\/schema.org","@graph":[{"@type":"WebPage","@id":"https:\/\/francois-pelletant.fr\/blog\/mon-equipe-2\/","url":"https:\/\/francois-pelletant.fr\/blog\/mon-equipe-2\/","name":"Mon \u00c9quipe - Fran\u00e7ois Pelletant","isPartOf":{"@id":"https:\/\/francois-pelletant.fr\/blog\/#website"},"primaryImageOfPage":{"@id":"https:\/\/francois-pelletant.fr\/blog\/mon-equipe-2\/#primaryimage"},"image":{"@id":"https:\/\/francois-pelletant.fr\/blog\/mon-equipe-2\/#primaryimage"},"thumbnailUrl":"https:\/\/francois-pelletant.fr\/blog\/wp-content\/uploads\/2014\/03\/MATIAS.jpg","datePublished":"2020-06-24T15:53:26+00:00","dateModified":"2020-06-24T16:17:10+00:00","breadcrumb":{"@id":"https:\/\/francois-pelletant.fr\/blog\/mon-equipe-2\/#breadcrumb"},"inLanguage":"fr-FR","potentialAction":[{"@type":"ReadAction","target":["https:\/\/francois-pelletant.fr\/blog\/mon-equipe-2\/"]}]},{"@type":"ImageObject","inLanguage":"fr-FR","@id":"https:\/\/francois-pelletant.fr\/blog\/mon-equipe-2\/#primaryimage","url":"https:\/\/francois-pelletant.fr\/blog\/wp-content\/uploads\/2014\/03\/MATIAS.jpg","contentUrl":"https:\/\/francois-pelletant.fr\/blog\/wp-content\/uploads\/2014\/03\/MATIAS.jpg","width":489,"height":728,"caption":"Rui MATIAS"},{"@type":"BreadcrumbList","@id":"https:\/\/francois-pelletant.fr\/blog\/mon-equipe-2\/#breadcrumb","itemListElement":[{"@type":"ListItem","position":1,"name":"Accueil","item":"https:\/\/francois-pelletant.fr\/blog\/"},{"@type":"ListItem","position":2,"name":"Mon \u00c9quipe"}]},{"@type":"WebSite","@id":"https:\/\/francois-pelletant.fr\/blog\/#website","url":"https:\/\/francois-pelletant.fr\/blog\/","name":"Fran\u00e7ois Pelletant","description":"Maire de Linas, pour toujours.","publisher":{"@id":"https:\/\/francois-pelletant.fr\/blog\/#organization"},"potentialAction":[{"@type":"SearchAction","target":{"@type":"EntryPoint","urlTemplate":"https:\/\/francois-pelletant.fr\/blog\/?s={search_term_string}"},"query-input":{"@type":"PropertyValueSpecification","valueRequired":true,"valueName":"search_term_string"}}],"inLanguage":"fr-FR"},{"@type":"Organization","@id":"https:\/\/francois-pelletant.fr\/blog\/#organization","name":"Fran\u00e7ois Pelletant","url":"https:\/\/francois-pelletant.fr\/blog\/","logo":{"@type":"ImageObject","inLanguage":"fr-FR","@id":"https:\/\/francois-pelletant.fr\/blog\/#\/schema\/logo\/image\/","url":"https:\/\/francois-pelletant.fr\/blog\/wp-content\/uploads\/2024\/07\/icone-francois-centre-500p.png","contentUrl":"https:\/\/francois-pelletant.fr\/blog\/wp-content\/uploads\/2024\/07\/icone-francois-centre-500p.png","width":559,"height":447,"caption":"Fran\u00e7ois Pelletant"},"image":{"@id":"https:\/\/francois-pelletant.fr\/blog\/#\/schema\/logo\/image\/"},"sameAs":["https:\/\/www.facebook.com\/francois.pelletant.7","https:\/\/x.com\/pelletant"]}]}},"_links":{"self":[{"href":"https:\/\/francois-pelletant.fr\/blog\/wp-json\/wp\/v2\/pages\/13285","targetHints":{"allow":["GET"]}}],"collection":[{"href":"https:\/\/francois-pelletant.fr\/blog\/wp-json\/wp\/v2\/pages"}],"about":[{"href":"https:\/\/francois-pelletant.fr\/blog\/wp-json\/wp\/v2\/types\/page"}],"author":[{"embeddable":true,"href":"https:\/\/francois-pelletant.fr\/blog\/wp-json\/wp\/v2\/users\/2"}],"replies":[{"embeddable":true,"href":"https:\/\/francois-pelletant.fr\/blog\/wp-json\/wp\/v2\/comments?post=13285"}],"version-history":[{"count":0,"href":"https:\/\/francois-pelletant.fr\/blog\/wp-json\/wp\/v2\/pages\/13285\/revisions"}],"wp:attachment":[{"href":"https:\/\/francois-pelletant.fr\/blog\/wp-json\/wp\/v2\/media?parent=13285"}],"curies":[{"name":"wp","href":"https:\/\/api.w.org\/{rel}","templated":true}]}}