{"id":14152,"date":"2026-03-01T16:31:38","date_gmt":"2026-03-01T16:31:38","guid":{"rendered":"https:\/\/francois-pelletant.fr\/blog\/?page_id=14152"},"modified":"2026-03-01T16:41:40","modified_gmt":"2026-03-01T16:41:40","slug":"pelletant-blanchi-par-la-justice","status":"publish","type":"page","link":"https:\/\/francois-pelletant.fr\/blog\/pelletant-blanchi-par-la-justice\/","title":{"rendered":"Pelletant Blanchi par la justice"},"content":{"rendered":"\n<div class=\"wp-block-group alignfull has-global-padding is-layout-constrained wp-container-core-group-is-layout-490fa1db wp-block-group-is-layout-constrained\" style=\"padding-top:var(--wp--preset--spacing--50);padding-right:var(--wp--preset--spacing--50);padding-bottom:var(--wp--preset--spacing--50);padding-left:var(--wp--preset--spacing--50)\">\n<div class=\"wp-block-group has-global-padding is-layout-constrained wp-container-core-group-is-layout-650790e1 wp-block-group-is-layout-constrained\">\n<h1 class=\"wp-block-heading has-text-align-center has-x-large-font-size\">Pelletant Blanchi par la justice: Informations Explications sur les affaires qui n&#8217;en sont pas<\/h1>\n\n\n\n<div style=\"height:1.25rem\" aria-hidden=\"true\" class=\"wp-block-spacer\"><\/div>\n\n\n\n<p class=\"has-text-align-center\">Cette page a \u00e9t\u00e9 cr\u00e9\u00e9e le premier mars 2026 suite \u00e0 une campagne de d\u00e9sinformation, une de plus, sur les soi-disant affaires de Fran\u00e7ois Pelletant.<\/p>\n\n\n\n<p class=\"has-text-align-center\">Ci-dessous sont explicit\u00e9es chacune de ces \u00ab affaires \u00bb qui, si elles ont fait couler beaucoup de salive \u00e0 une \u00e9poque, sont aujourd&#8217;hui \u00e9claircies, toutes en la faveur de Fran\u00e7ois Pelletant.<\/p>\n\n\n\n<div style=\"height:1.25rem\" aria-hidden=\"true\" class=\"wp-block-spacer\"><\/div>\n\n\n\n<div class=\"wp-block-buttons is-content-justification-center is-layout-flex wp-container-core-buttons-is-layout-a89b3969 wp-block-buttons-is-layout-flex\">\n<div class=\"wp-block-button\"><a class=\"wp-block-button__link wp-element-button\" href=\"\/\">Fran\u00e7ois Pelletant qui est-ce<\/a><\/div>\n<\/div>\n<\/div>\n\n\n\n<div style=\"height:var(--wp--preset--spacing--30)\" aria-hidden=\"true\" class=\"wp-block-spacer\"><\/div>\n\n\n\n<figure class=\"wp-block-image alignwide size-full is-style-rounded is-style-rounded--1\"><img loading=\"lazy\" decoding=\"async\" width=\"921\" height=\"518\" src=\"https:\/\/francois-pelletant.fr\/blog\/wp-content\/uploads\/2026\/03\/signal-2026-03-01-171936_002-edited-1.jpeg\" alt=\"\" class=\"wp-image-14156\" srcset=\"https:\/\/francois-pelletant.fr\/blog\/wp-content\/uploads\/2026\/03\/signal-2026-03-01-171936_002-edited-1.jpeg 921w, https:\/\/francois-pelletant.fr\/blog\/wp-content\/uploads\/2026\/03\/signal-2026-03-01-171936_002-edited-1-300x169.jpeg 300w, https:\/\/francois-pelletant.fr\/blog\/wp-content\/uploads\/2026\/03\/signal-2026-03-01-171936_002-edited-1-768x432.jpeg 768w\" sizes=\"auto, (max-width: 921px) 100vw, 921px\" \/><\/figure>\n\n\n\n<h2 class=\"wp-block-heading\">Sur les affaires de Pelletant<\/h2>\n\n\n\n<p>Pelletant a \u00e9t\u00e9 tra\u00een\u00e9 dans la boue parce qu&#8217;il bloquait les promoteurs.<\/p>\n\n\n\n<p>\u00c0 partir de 2014, une d\u00e9ferlante de plaintes, mises en cause et accusations se sont abattues sur Fran\u00e7ois Pelletant, maire de Linas depuis 1995. Ces affaires \u00e9taient toutes dirig\u00e9es par un m\u00eame cabinet d&#8217;avocats qui avait instrumentalis\u00e9 des opposants et contestataires de Linas afin d&#8217;attaquer en leur nom le maire de Linas. Cet avocat \u00e9tait \u00e0 l&#8217;origine celui d&#8217;un promoteur en conflit avec le maire de Linas. La strat\u00e9gie de ce dernier \u00e9tait clairement de faire c\u00e9der le maire de Linas en le pilonnant judiciairement par toutes sortes d&#8217;accusations, y compris les plus improbables.<\/p>\n\n\n\n<p>La preuve : l&#8217;avocat de Lardi\u00e8re (bar associatif), l&#8217;avocat du pr\u00e9sident de l&#8217;association de Guillerville (diffamation tunisien), l&#8217;avocat de Mme Cloteaux (tricherie dans un vote interne au conseil municipal) \u00e9tait le m\u00eame avocat, financ\u00e9 par le promoteur ABCD, contre lequel Pelletant avait fait un recours au Tribunal Administratif.<\/p>\n\n\n\n<p>La machination pour le renverser a r\u00e9ussi \u00e0 le faire condamner pour avoir g\u00e9r\u00e9 un bar associatif. une trentaine d&#8217;autres tentatives pour d&#8217;autres faits aussi vari\u00e9s que fantaisistes ont toutes \u00e9t\u00e9 gagn\u00e9es par le maire de Linas.<\/p>\n\n\n\n<p>Pour prendre tout le monde de vitesse sur aux condamnations de l&#8217;affaire du BAR qui allaient aboutir \u00e0 son in\u00e9ligibilit\u00e9, Pelletant a d\u00e9missionn\u00e9 en janvier 2020 de son mandat de maire afin de pr\u00e9senter son \u00e9quipe sans lui au \u00e9lections municipales de Mars 2020.<\/p>\n\n\n\n<p>Puis, en 2022 et 2023, Pelletant a obtenu l&#8217;annulation des condamnations du bar associatif dans son casier judiciaire.<\/p>\n\n\n\n<p><br \/>Si cela \u00e9tait arriv\u00e9 plus t\u00f4t, il serait rest\u00e9 maire et la commune ne serait pas partie en d\u00e9clin durant les 6 ann\u00e9es durant.<\/p>\n\n\n\n<hr class=\"wp-block-separator has-alpha-channel-opacity\"\/>\n\n\n\n<h2 class=\"wp-block-heading\">Affaire du bar associatif<\/h2>\n\n\n\n<p>Pelletant a cr\u00e9\u00e9 un bar pour former des jeunes sans emploi \u00e0 Villejuif (XO Bar).<\/p>\n\n\n\n<p>Le bar est connu de tous car, d\u00e8s son ouverture, toute l&#8217;opposition y a d\u00e9fil\u00e9 pour prendre des photos vol\u00e9es.<\/p>\n\n\n\n<p>Ce bar \u00e9tait une association que Pelletant avait cr\u00e9\u00e9e afin de ne pas \u00eatre accus\u00e9 de blanchiment ou de faire du profit sur l&#8217;alcool.<\/p>\n\n\n\n<p>Cette association formait des jeunes aux m\u00e9tiers de la restauration.<\/p>\n\n\n\n<p>En 2014, Pelletant a \u00e9t\u00e9 mis en cause pour avoir achet\u00e9 du bois \u00e0 la mairie au profit du bar<br \/>(2 m\u00b3, valeur 300 euros).<\/p>\n\n\n\n<p>Il a \u00e9t\u00e9 condamn\u00e9 en 2018 et a fait une s\u00e9rie de recours.<\/p>\n\n\n\n<p>En 2022, puis \u00e0 nouveau en 2023, Pelletant obtient l&#8217;annulation des condamnations du bar associatif dans son casier judiciaire.<\/p>\n\n\n\n<p>La raison de l&#8217;annulation est que l&#8217;enqu\u00eate n&#8217;\u00e9tait pas loyale, car diligent\u00e9e par une amie d&#8217;un dissident de Linas.<\/p>\n\n\n\n<hr class=\"wp-block-separator has-alpha-channel-opacity\"\/>\n\n\n\n<h2 class=\"wp-block-heading\">Affaire du Tunisien<\/h2>\n\n\n\n<p>Dans l&#8217;association humanitaire Carrefour des communes, un Tunisien a \u00e9t\u00e9 recrut\u00e9 pour s&#8217;occuper de l&#8217;envoi d&#8217;aide \u00e0 l&#8217;international.<\/p>\n\n\n\n<p>Ce recrutement a permis \u00e0 la personne d&#8217;obtenir des papiers de travail en France.<\/p>\n\n\n\n<p>Cette personne travaillait \u00e0 la mairie de Linas, si\u00e8ge de l&#8217;association.<\/p>\n\n\n\n<p>Comme cette personne ne faisait pas l&#8217;affaire, elle a \u00e9t\u00e9 licenci\u00e9e en 2018 avant que ses papiers soient devenus d\u00e9finitifs.<\/p>\n\n\n\n<p>\u00c0 la suite de ce licenciement, la personne a port\u00e9 plainte pour viol contre Pelletant.<\/p>\n\n\n\n<p>La plainte a d&#8217;abord \u00e9t\u00e9 class\u00e9e par la police sans m\u00eame interroger Pelletant.<\/p>\n\n\n\n<p>Puis, la personne s&#8217;est port\u00e9e partie civile pour obtenir une enqu\u00eate forc\u00e9e.<\/p>\n\n\n\n<p>Pelletant a \u00e9t\u00e9 mis en garde \u00e0 vue dans le cadre de l&#8217;enqu\u00eate en octobre 2019, puis laiss\u00e9 libre.<\/p>\n\n\n\n<p>Pelletant n&#8217;a jamais \u00e9t\u00e9 mis en examen ni inqui\u00e9t\u00e9.<\/p>\n\n\n\n<p>La plainte du Tunisien \u00e9tait dirig\u00e9e contre X.<\/p>\n\n\n\n<p><br \/>C&#8217;est la presse, et notamment qui a indiqu\u00e9 que Pelletant \u00e9tait accus\u00e9 de viol.<\/p>\n\n\n\n<p>En 2023l a plainte a \u00e9t\u00e9 class\u00e9e en \u00ab non-lieu \u00bb, puis en 2024 apr\u00e8s appel de l&#8217;individu, la plainte a \u00e9t\u00e9 d\u00e9finitivement class\u00e9e en \u00ab non-lieu \u00bb, c&#8217;est-\u00e0-dire que la justice a estim\u00e9 qu&#8217;il n&#8217;y avait pas lieu de poursuivre.<\/p>\n\n\n\n<hr class=\"wp-block-separator has-alpha-channel-opacity\"\/>\n\n\n\n<h2 class=\"wp-block-heading\">Pour aller plus loin<\/h2>\n\n\n\n<p>Afin de conna\u00eetre la suite donn\u00e9e \u00e0 ces diff\u00e9rentes affaires, nous vous renvoyons au post publi\u00e9 par Fran\u00e7ois Pelletant, qui reprend une \u00e0 une les accusations de Madame Cuniot de la liste Sara DALI \u00ab S&#8217;unir pour Linas \u00bb.<\/p>\n\n\n\n<p>En r\u00e9pondant ainsi une fois pour toutes aux accusations de ces inquisiteurs modernes, et en y r\u00e9pondant phrase par phrase, mot par mot, date par date, M. Pelletant a d\u00e9finitivement affirm\u00e9 son innocence et le fait qu&#8217;il a \u00e9t\u00e9 blanchi par la justice dans l&#8217;affaire du Tunisien.<\/p>\n\n\n\n<figure class=\"wp-block-embed is-type-wp-embed is-provider-fran-ois-pelletant wp-block-embed-fran-ois-pelletant\"><div class=\"wp-block-embed__wrapper\">\n<blockquote class=\"wp-embedded-content\" data-secret=\"uI0pxIeSfv\"><a href=\"https:\/\/francois-pelletant.fr\/blog\/dali-cuniot-994-faux-sunir-pour-salir-une-campagne-electorale-desastreuse\/\">DALI-CUNIOT 99,4% faux &#8211; S&#8217;unir pour SALIR &#8211; une campagne \u00e9lectorale d\u00e9sastreuse !<\/a><\/blockquote><iframe loading=\"lazy\" class=\"wp-embedded-content\" sandbox=\"allow-scripts\" security=\"restricted\" style=\"position: absolute; visibility: hidden;\" title=\"\u00ab\u00a0DALI-CUNIOT 99,4% faux &#8211; S&#8217;unir pour SALIR &#8211; une campagne \u00e9lectorale d\u00e9sastreuse !\u00a0\u00bb &#8212; Fran\u00e7ois Pelletant\" src=\"https:\/\/francois-pelletant.fr\/blog\/dali-cuniot-994-faux-sunir-pour-salir-une-campagne-electorale-desastreuse\/embed\/#?secret=BPJv76B2Hc#?secret=uI0pxIeSfv\" data-secret=\"uI0pxIeSfv\" width=\"500\" height=\"282\" frameborder=\"0\" marginwidth=\"0\" marginheight=\"0\" scrolling=\"no\"><\/iframe>\n<\/div><\/figure>\n<\/div>\n","protected":false},"excerpt":{"rendered":"<p>Pelletant Blanchi par la justice: Informations Explications sur les affaires qui n&#8217;en sont pas Cette page a \u00e9t\u00e9 cr\u00e9\u00e9e le premier mars 2026 suite \u00e0 une campagne de d\u00e9sinformation, une de plus, sur les soi-disant affaires de Fran\u00e7ois Pelletant. Ci-dessous sont explicit\u00e9es chacune de ces \u00ab affaires \u00bb qui, si elles ont fait couler beaucoup [&hellip;]<\/p>\n","protected":false},"author":2,"featured_media":0,"parent":0,"menu_order":0,"comment_status":"closed","ping_status":"closed","template":"page-no-title","meta":{"footnotes":""},"class_list":["post-14152","page","type-page","status-publish","hentry"],"yoast_head":"<!-- This site is optimized with the Yoast SEO plugin v25.6 - https:\/\/yoast.com\/wordpress\/plugins\/seo\/ -->\n<title>Pelletant Blanchi par la justice - Fran\u00e7ois Pelletant<\/title>\n<meta name=\"robots\" content=\"index, follow, max-snippet:-1, max-image-preview:large, max-video-preview:-1\" \/>\n<link rel=\"canonical\" href=\"https:\/\/francois-pelletant.fr\/blog\/pelletant-blanchi-par-la-justice\/\" \/>\n<meta property=\"og:locale\" content=\"fr_FR\" \/>\n<meta property=\"og:type\" content=\"article\" \/>\n<meta property=\"og:title\" content=\"Pelletant Blanchi par la justice - Fran\u00e7ois Pelletant\" \/>\n<meta property=\"og:description\" content=\"Pelletant Blanchi par la justice: Informations Explications sur les affaires qui n&#8217;en sont pas Cette page a \u00e9t\u00e9 cr\u00e9\u00e9e le premier mars 2026 suite \u00e0 une campagne de d\u00e9sinformation, une de plus, sur les soi-disant affaires de Fran\u00e7ois Pelletant. Ci-dessous sont explicit\u00e9es chacune de ces \u00ab affaires \u00bb qui, si elles ont fait couler beaucoup [&hellip;]\" \/>\n<meta property=\"og:url\" content=\"https:\/\/francois-pelletant.fr\/blog\/pelletant-blanchi-par-la-justice\/\" \/>\n<meta property=\"og:site_name\" content=\"Fran\u00e7ois Pelletant\" \/>\n<meta property=\"article:publisher\" content=\"https:\/\/www.facebook.com\/francois.pelletant.7\" \/>\n<meta property=\"article:modified_time\" content=\"2026-03-01T16:41:40+00:00\" \/>\n<meta property=\"og:image\" content=\"https:\/\/francois-pelletant.fr\/blog\/wp-content\/uploads\/2026\/03\/signal-2026-03-01-171936_002-edited-1.jpeg\" \/>\n\t<meta property=\"og:image:width\" content=\"921\" \/>\n\t<meta property=\"og:image:height\" content=\"518\" \/>\n\t<meta property=\"og:image:type\" content=\"image\/jpeg\" \/>\n<meta name=\"twitter:card\" content=\"summary_large_image\" \/>\n<meta name=\"twitter:site\" content=\"@pelletant\" \/>\n<meta name=\"twitter:label1\" content=\"Dur\u00e9e de lecture estim\u00e9e\" \/>\n\t<meta name=\"twitter:data1\" content=\"3 minutes\" \/>\n<script type=\"application\/ld+json\" class=\"yoast-schema-graph\">{\"@context\":\"https:\/\/schema.org\",\"@graph\":[{\"@type\":\"WebPage\",\"@id\":\"https:\/\/francois-pelletant.fr\/blog\/pelletant-blanchi-par-la-justice\/\",\"url\":\"https:\/\/francois-pelletant.fr\/blog\/pelletant-blanchi-par-la-justice\/\",\"name\":\"Pelletant Blanchi par la justice - Fran\u00e7ois Pelletant\",\"isPartOf\":{\"@id\":\"https:\/\/francois-pelletant.fr\/blog\/#website\"},\"primaryImageOfPage\":{\"@id\":\"https:\/\/francois-pelletant.fr\/blog\/pelletant-blanchi-par-la-justice\/#primaryimage\"},\"image\":{\"@id\":\"https:\/\/francois-pelletant.fr\/blog\/pelletant-blanchi-par-la-justice\/#primaryimage\"},\"thumbnailUrl\":\"https:\/\/francois-pelletant.fr\/blog\/wp-content\/uploads\/2026\/03\/signal-2026-03-01-171936_002-edited-1.jpeg\",\"datePublished\":\"2026-03-01T16:31:38+00:00\",\"dateModified\":\"2026-03-01T16:41:40+00:00\",\"breadcrumb\":{\"@id\":\"https:\/\/francois-pelletant.fr\/blog\/pelletant-blanchi-par-la-justice\/#breadcrumb\"},\"inLanguage\":\"fr-FR\",\"potentialAction\":[{\"@type\":\"ReadAction\",\"target\":[\"https:\/\/francois-pelletant.fr\/blog\/pelletant-blanchi-par-la-justice\/\"]}]},{\"@type\":\"ImageObject\",\"inLanguage\":\"fr-FR\",\"@id\":\"https:\/\/francois-pelletant.fr\/blog\/pelletant-blanchi-par-la-justice\/#primaryimage\",\"url\":\"https:\/\/francois-pelletant.fr\/blog\/wp-content\/uploads\/2026\/03\/signal-2026-03-01-171936_002-edited-1.jpeg\",\"contentUrl\":\"https:\/\/francois-pelletant.fr\/blog\/wp-content\/uploads\/2026\/03\/signal-2026-03-01-171936_002-edited-1.jpeg\",\"width\":921,\"height\":518},{\"@type\":\"BreadcrumbList\",\"@id\":\"https:\/\/francois-pelletant.fr\/blog\/pelletant-blanchi-par-la-justice\/#breadcrumb\",\"itemListElement\":[{\"@type\":\"ListItem\",\"position\":1,\"name\":\"Accueil\",\"item\":\"https:\/\/francois-pelletant.fr\/blog\/\"},{\"@type\":\"ListItem\",\"position\":2,\"name\":\"Pelletant Blanchi par la justice\"}]},{\"@type\":\"WebSite\",\"@id\":\"https:\/\/francois-pelletant.fr\/blog\/#website\",\"url\":\"https:\/\/francois-pelletant.fr\/blog\/\",\"name\":\"Fran\u00e7ois Pelletant\",\"description\":\"Maire de Linas, pour toujours.\",\"publisher\":{\"@id\":\"https:\/\/francois-pelletant.fr\/blog\/#organization\"},\"potentialAction\":[{\"@type\":\"SearchAction\",\"target\":{\"@type\":\"EntryPoint\",\"urlTemplate\":\"https:\/\/francois-pelletant.fr\/blog\/?s={search_term_string}\"},\"query-input\":{\"@type\":\"PropertyValueSpecification\",\"valueRequired\":true,\"valueName\":\"search_term_string\"}}],\"inLanguage\":\"fr-FR\"},{\"@type\":\"Organization\",\"@id\":\"https:\/\/francois-pelletant.fr\/blog\/#organization\",\"name\":\"Fran\u00e7ois Pelletant\",\"url\":\"https:\/\/francois-pelletant.fr\/blog\/\",\"logo\":{\"@type\":\"ImageObject\",\"inLanguage\":\"fr-FR\",\"@id\":\"https:\/\/francois-pelletant.fr\/blog\/#\/schema\/logo\/image\/\",\"url\":\"https:\/\/francois-pelletant.fr\/blog\/wp-content\/uploads\/2024\/07\/icone-francois-centre-500p.png\",\"contentUrl\":\"https:\/\/francois-pelletant.fr\/blog\/wp-content\/uploads\/2024\/07\/icone-francois-centre-500p.png\",\"width\":559,\"height\":447,\"caption\":\"Fran\u00e7ois Pelletant\"},\"image\":{\"@id\":\"https:\/\/francois-pelletant.fr\/blog\/#\/schema\/logo\/image\/\"},\"sameAs\":[\"https:\/\/www.facebook.com\/francois.pelletant.7\",\"https:\/\/x.com\/pelletant\"]}]}<\/script>\n<!-- \/ Yoast SEO plugin. -->","yoast_head_json":{"title":"Pelletant Blanchi par la justice - Fran\u00e7ois Pelletant","robots":{"index":"index","follow":"follow","max-snippet":"max-snippet:-1","max-image-preview":"max-image-preview:large","max-video-preview":"max-video-preview:-1"},"canonical":"https:\/\/francois-pelletant.fr\/blog\/pelletant-blanchi-par-la-justice\/","og_locale":"fr_FR","og_type":"article","og_title":"Pelletant Blanchi par la justice - Fran\u00e7ois Pelletant","og_description":"Pelletant Blanchi par la justice: Informations Explications sur les affaires qui n&#8217;en sont pas Cette page a \u00e9t\u00e9 cr\u00e9\u00e9e le premier mars 2026 suite \u00e0 une campagne de d\u00e9sinformation, une de plus, sur les soi-disant affaires de Fran\u00e7ois Pelletant. Ci-dessous sont explicit\u00e9es chacune de ces \u00ab affaires \u00bb qui, si elles ont fait couler beaucoup [&hellip;]","og_url":"https:\/\/francois-pelletant.fr\/blog\/pelletant-blanchi-par-la-justice\/","og_site_name":"Fran\u00e7ois Pelletant","article_publisher":"https:\/\/www.facebook.com\/francois.pelletant.7","article_modified_time":"2026-03-01T16:41:40+00:00","og_image":[{"width":921,"height":518,"url":"https:\/\/francois-pelletant.fr\/blog\/wp-content\/uploads\/2026\/03\/signal-2026-03-01-171936_002-edited-1.jpeg","type":"image\/jpeg"}],"twitter_card":"summary_large_image","twitter_site":"@pelletant","twitter_misc":{"Dur\u00e9e de lecture estim\u00e9e":"3 minutes"},"schema":{"@context":"https:\/\/schema.org","@graph":[{"@type":"WebPage","@id":"https:\/\/francois-pelletant.fr\/blog\/pelletant-blanchi-par-la-justice\/","url":"https:\/\/francois-pelletant.fr\/blog\/pelletant-blanchi-par-la-justice\/","name":"Pelletant Blanchi par la justice - Fran\u00e7ois Pelletant","isPartOf":{"@id":"https:\/\/francois-pelletant.fr\/blog\/#website"},"primaryImageOfPage":{"@id":"https:\/\/francois-pelletant.fr\/blog\/pelletant-blanchi-par-la-justice\/#primaryimage"},"image":{"@id":"https:\/\/francois-pelletant.fr\/blog\/pelletant-blanchi-par-la-justice\/#primaryimage"},"thumbnailUrl":"https:\/\/francois-pelletant.fr\/blog\/wp-content\/uploads\/2026\/03\/signal-2026-03-01-171936_002-edited-1.jpeg","datePublished":"2026-03-01T16:31:38+00:00","dateModified":"2026-03-01T16:41:40+00:00","breadcrumb":{"@id":"https:\/\/francois-pelletant.fr\/blog\/pelletant-blanchi-par-la-justice\/#breadcrumb"},"inLanguage":"fr-FR","potentialAction":[{"@type":"ReadAction","target":["https:\/\/francois-pelletant.fr\/blog\/pelletant-blanchi-par-la-justice\/"]}]},{"@type":"ImageObject","inLanguage":"fr-FR","@id":"https:\/\/francois-pelletant.fr\/blog\/pelletant-blanchi-par-la-justice\/#primaryimage","url":"https:\/\/francois-pelletant.fr\/blog\/wp-content\/uploads\/2026\/03\/signal-2026-03-01-171936_002-edited-1.jpeg","contentUrl":"https:\/\/francois-pelletant.fr\/blog\/wp-content\/uploads\/2026\/03\/signal-2026-03-01-171936_002-edited-1.jpeg","width":921,"height":518},{"@type":"BreadcrumbList","@id":"https:\/\/francois-pelletant.fr\/blog\/pelletant-blanchi-par-la-justice\/#breadcrumb","itemListElement":[{"@type":"ListItem","position":1,"name":"Accueil","item":"https:\/\/francois-pelletant.fr\/blog\/"},{"@type":"ListItem","position":2,"name":"Pelletant Blanchi par la justice"}]},{"@type":"WebSite","@id":"https:\/\/francois-pelletant.fr\/blog\/#website","url":"https:\/\/francois-pelletant.fr\/blog\/","name":"Fran\u00e7ois Pelletant","description":"Maire de Linas, pour toujours.","publisher":{"@id":"https:\/\/francois-pelletant.fr\/blog\/#organization"},"potentialAction":[{"@type":"SearchAction","target":{"@type":"EntryPoint","urlTemplate":"https:\/\/francois-pelletant.fr\/blog\/?s={search_term_string}"},"query-input":{"@type":"PropertyValueSpecification","valueRequired":true,"valueName":"search_term_string"}}],"inLanguage":"fr-FR"},{"@type":"Organization","@id":"https:\/\/francois-pelletant.fr\/blog\/#organization","name":"Fran\u00e7ois Pelletant","url":"https:\/\/francois-pelletant.fr\/blog\/","logo":{"@type":"ImageObject","inLanguage":"fr-FR","@id":"https:\/\/francois-pelletant.fr\/blog\/#\/schema\/logo\/image\/","url":"https:\/\/francois-pelletant.fr\/blog\/wp-content\/uploads\/2024\/07\/icone-francois-centre-500p.png","contentUrl":"https:\/\/francois-pelletant.fr\/blog\/wp-content\/uploads\/2024\/07\/icone-francois-centre-500p.png","width":559,"height":447,"caption":"Fran\u00e7ois Pelletant"},"image":{"@id":"https:\/\/francois-pelletant.fr\/blog\/#\/schema\/logo\/image\/"},"sameAs":["https:\/\/www.facebook.com\/francois.pelletant.7","https:\/\/x.com\/pelletant"]}]}},"_links":{"self":[{"href":"https:\/\/francois-pelletant.fr\/blog\/wp-json\/wp\/v2\/pages\/14152","targetHints":{"allow":["GET"]}}],"collection":[{"href":"https:\/\/francois-pelletant.fr\/blog\/wp-json\/wp\/v2\/pages"}],"about":[{"href":"https:\/\/francois-pelletant.fr\/blog\/wp-json\/wp\/v2\/types\/page"}],"author":[{"embeddable":true,"href":"https:\/\/francois-pelletant.fr\/blog\/wp-json\/wp\/v2\/users\/2"}],"replies":[{"embeddable":true,"href":"https:\/\/francois-pelletant.fr\/blog\/wp-json\/wp\/v2\/comments?post=14152"}],"version-history":[{"count":0,"href":"https:\/\/francois-pelletant.fr\/blog\/wp-json\/wp\/v2\/pages\/14152\/revisions"}],"wp:attachment":[{"href":"https:\/\/francois-pelletant.fr\/blog\/wp-json\/wp\/v2\/media?parent=14152"}],"curies":[{"name":"wp","href":"https:\/\/api.w.org\/{rel}","templated":true}]}}