{"id":457,"date":"2011-11-18T17:18:04","date_gmt":"2011-11-18T17:18:04","guid":{"rendered":"https:\/\/francois-pelletant.fr\/blog\/?page_id=457"},"modified":"2011-11-18T17:18:04","modified_gmt":"2011-11-18T17:18:04","slug":"mon-travail","status":"publish","type":"page","link":"https:\/\/francois-pelletant.fr\/blog\/mon-travail\/","title":{"rendered":"MON TRAVAIL"},"content":{"rendered":"<h3><span style=\"color: #808000;\"><strong><em>&gt; Actions en photos:<\/em><\/strong><\/span><\/h3>\n<p><strong><em>&gt;&gt; Animation photos:\u00a0<\/em><\/strong><strong><em>faire d\u00e9filer des photos avec\u00a0<\/em><\/strong><em><strong>l\u00e9gende (fp conf\u00e9rence coll\u00e8ge, fp jeunes hiphop ..)<\/strong><\/em><\/p>\n<h3><span style=\"color: #808000;\"><strong><em>&gt; Maires de Linas:<\/em><\/strong><\/span><\/h3>\n<p><strong><em>&gt;&gt; Programme \u00e9lectoral 2008-2014<\/em><\/strong><\/p>\n<p><strong><em>&gt;&gt; R\u00e9alisations<\/em><\/strong><\/p>\n<h3><span style=\"color: #808000;\"><strong><em>&gt; Conseiller G\u00e9n\u00e9ral de l&#8217;Essonne jusqu&#8217;en 2011:<\/em><\/strong><\/span><\/h3>\n<p><strong><em>&gt;&gt; R\u00e9alisations (planning 10 ans)<\/em><\/strong><\/p>\n<p><strong><em>&gt;&gt; Magasine cantonal<\/em><\/strong><\/p>\n","protected":false},"excerpt":{"rendered":"<p>&gt; Actions en photos: &gt;&gt; Animation photos:\u00a0faire d\u00e9filer des photos avec\u00a0l\u00e9gende (fp conf\u00e9rence coll\u00e8ge, fp jeunes hiphop ..) &gt; Maires de Linas: &gt;&gt; Programme \u00e9lectoral 2008-2014 &gt;&gt; R\u00e9alisations &gt; Conseiller G\u00e9n\u00e9ral de l&#8217;Essonne jusqu&#8217;en 2011: &gt;&gt; R\u00e9alisations (planning 10 ans) &gt;&gt; Magasine cantonal<\/p>\n","protected":false},"author":2,"featured_media":0,"parent":0,"menu_order":0,"comment_status":"closed","ping_status":"closed","template":"","meta":{"footnotes":""},"class_list":["post-457","page","type-page","status-publish","hentry"],"yoast_head":"<!-- This site is optimized with the Yoast SEO plugin v25.6 - https:\/\/yoast.com\/wordpress\/plugins\/seo\/ -->\n<title>MON TRAVAIL - Fran\u00e7ois Pelletant<\/title>\n<meta name=\"robots\" content=\"index, follow, max-snippet:-1, max-image-preview:large, max-video-preview:-1\" \/>\n<link rel=\"canonical\" href=\"https:\/\/francois-pelletant.fr\/blog\/mon-travail\/\" \/>\n<meta property=\"og:locale\" content=\"fr_FR\" \/>\n<meta property=\"og:type\" content=\"article\" \/>\n<meta property=\"og:title\" content=\"MON TRAVAIL - Fran\u00e7ois Pelletant\" \/>\n<meta property=\"og:description\" content=\"&gt; Actions en photos: &gt;&gt; Animation photos:\u00a0faire d\u00e9filer des photos avec\u00a0l\u00e9gende (fp conf\u00e9rence coll\u00e8ge, fp jeunes hiphop ..) &gt; Maires de Linas: &gt;&gt; Programme \u00e9lectoral 2008-2014 &gt;&gt; R\u00e9alisations &gt; Conseiller G\u00e9n\u00e9ral de l&#8217;Essonne jusqu&#8217;en 2011: &gt;&gt; R\u00e9alisations (planning 10 ans) &gt;&gt; Magasine cantonal\" \/>\n<meta property=\"og:url\" content=\"https:\/\/francois-pelletant.fr\/blog\/mon-travail\/\" \/>\n<meta property=\"og:site_name\" content=\"Fran\u00e7ois Pelletant\" \/>\n<meta property=\"article:publisher\" content=\"https:\/\/www.facebook.com\/francois.pelletant.7\" \/>\n<meta name=\"twitter:card\" content=\"summary_large_image\" \/>\n<meta name=\"twitter:site\" content=\"@pelletant\" \/>\n<script type=\"application\/ld+json\" class=\"yoast-schema-graph\">{\"@context\":\"https:\/\/schema.org\",\"@graph\":[{\"@type\":\"WebPage\",\"@id\":\"https:\/\/francois-pelletant.fr\/blog\/mon-travail\/\",\"url\":\"https:\/\/francois-pelletant.fr\/blog\/mon-travail\/\",\"name\":\"MON TRAVAIL - Fran\u00e7ois Pelletant\",\"isPartOf\":{\"@id\":\"https:\/\/francois-pelletant.fr\/blog\/#website\"},\"datePublished\":\"2011-11-18T17:18:04+00:00\",\"breadcrumb\":{\"@id\":\"https:\/\/francois-pelletant.fr\/blog\/mon-travail\/#breadcrumb\"},\"inLanguage\":\"fr-FR\",\"potentialAction\":[{\"@type\":\"ReadAction\",\"target\":[\"https:\/\/francois-pelletant.fr\/blog\/mon-travail\/\"]}]},{\"@type\":\"BreadcrumbList\",\"@id\":\"https:\/\/francois-pelletant.fr\/blog\/mon-travail\/#breadcrumb\",\"itemListElement\":[{\"@type\":\"ListItem\",\"position\":1,\"name\":\"Accueil\",\"item\":\"https:\/\/francois-pelletant.fr\/blog\/\"},{\"@type\":\"ListItem\",\"position\":2,\"name\":\"MON TRAVAIL\"}]},{\"@type\":\"WebSite\",\"@id\":\"https:\/\/francois-pelletant.fr\/blog\/#website\",\"url\":\"https:\/\/francois-pelletant.fr\/blog\/\",\"name\":\"Fran\u00e7ois Pelletant\",\"description\":\"Maire de Linas, pour toujours.\",\"publisher\":{\"@id\":\"https:\/\/francois-pelletant.fr\/blog\/#organization\"},\"potentialAction\":[{\"@type\":\"SearchAction\",\"target\":{\"@type\":\"EntryPoint\",\"urlTemplate\":\"https:\/\/francois-pelletant.fr\/blog\/?s={search_term_string}\"},\"query-input\":{\"@type\":\"PropertyValueSpecification\",\"valueRequired\":true,\"valueName\":\"search_term_string\"}}],\"inLanguage\":\"fr-FR\"},{\"@type\":\"Organization\",\"@id\":\"https:\/\/francois-pelletant.fr\/blog\/#organization\",\"name\":\"Fran\u00e7ois Pelletant\",\"url\":\"https:\/\/francois-pelletant.fr\/blog\/\",\"logo\":{\"@type\":\"ImageObject\",\"inLanguage\":\"fr-FR\",\"@id\":\"https:\/\/francois-pelletant.fr\/blog\/#\/schema\/logo\/image\/\",\"url\":\"https:\/\/francois-pelletant.fr\/blog\/wp-content\/uploads\/2024\/07\/icone-francois-centre-500p.png\",\"contentUrl\":\"https:\/\/francois-pelletant.fr\/blog\/wp-content\/uploads\/2024\/07\/icone-francois-centre-500p.png\",\"width\":559,\"height\":447,\"caption\":\"Fran\u00e7ois Pelletant\"},\"image\":{\"@id\":\"https:\/\/francois-pelletant.fr\/blog\/#\/schema\/logo\/image\/\"},\"sameAs\":[\"https:\/\/www.facebook.com\/francois.pelletant.7\",\"https:\/\/x.com\/pelletant\"]}]}<\/script>\n<!-- \/ Yoast SEO plugin. -->","yoast_head_json":{"title":"MON TRAVAIL - Fran\u00e7ois Pelletant","robots":{"index":"index","follow":"follow","max-snippet":"max-snippet:-1","max-image-preview":"max-image-preview:large","max-video-preview":"max-video-preview:-1"},"canonical":"https:\/\/francois-pelletant.fr\/blog\/mon-travail\/","og_locale":"fr_FR","og_type":"article","og_title":"MON TRAVAIL - Fran\u00e7ois Pelletant","og_description":"&gt; Actions en photos: &gt;&gt; Animation photos:\u00a0faire d\u00e9filer des photos avec\u00a0l\u00e9gende (fp conf\u00e9rence coll\u00e8ge, fp jeunes hiphop ..) &gt; Maires de Linas: &gt;&gt; Programme \u00e9lectoral 2008-2014 &gt;&gt; R\u00e9alisations &gt; Conseiller G\u00e9n\u00e9ral de l&#8217;Essonne jusqu&#8217;en 2011: &gt;&gt; R\u00e9alisations (planning 10 ans) &gt;&gt; Magasine cantonal","og_url":"https:\/\/francois-pelletant.fr\/blog\/mon-travail\/","og_site_name":"Fran\u00e7ois Pelletant","article_publisher":"https:\/\/www.facebook.com\/francois.pelletant.7","twitter_card":"summary_large_image","twitter_site":"@pelletant","schema":{"@context":"https:\/\/schema.org","@graph":[{"@type":"WebPage","@id":"https:\/\/francois-pelletant.fr\/blog\/mon-travail\/","url":"https:\/\/francois-pelletant.fr\/blog\/mon-travail\/","name":"MON TRAVAIL - Fran\u00e7ois Pelletant","isPartOf":{"@id":"https:\/\/francois-pelletant.fr\/blog\/#website"},"datePublished":"2011-11-18T17:18:04+00:00","breadcrumb":{"@id":"https:\/\/francois-pelletant.fr\/blog\/mon-travail\/#breadcrumb"},"inLanguage":"fr-FR","potentialAction":[{"@type":"ReadAction","target":["https:\/\/francois-pelletant.fr\/blog\/mon-travail\/"]}]},{"@type":"BreadcrumbList","@id":"https:\/\/francois-pelletant.fr\/blog\/mon-travail\/#breadcrumb","itemListElement":[{"@type":"ListItem","position":1,"name":"Accueil","item":"https:\/\/francois-pelletant.fr\/blog\/"},{"@type":"ListItem","position":2,"name":"MON TRAVAIL"}]},{"@type":"WebSite","@id":"https:\/\/francois-pelletant.fr\/blog\/#website","url":"https:\/\/francois-pelletant.fr\/blog\/","name":"Fran\u00e7ois Pelletant","description":"Maire de Linas, pour toujours.","publisher":{"@id":"https:\/\/francois-pelletant.fr\/blog\/#organization"},"potentialAction":[{"@type":"SearchAction","target":{"@type":"EntryPoint","urlTemplate":"https:\/\/francois-pelletant.fr\/blog\/?s={search_term_string}"},"query-input":{"@type":"PropertyValueSpecification","valueRequired":true,"valueName":"search_term_string"}}],"inLanguage":"fr-FR"},{"@type":"Organization","@id":"https:\/\/francois-pelletant.fr\/blog\/#organization","name":"Fran\u00e7ois Pelletant","url":"https:\/\/francois-pelletant.fr\/blog\/","logo":{"@type":"ImageObject","inLanguage":"fr-FR","@id":"https:\/\/francois-pelletant.fr\/blog\/#\/schema\/logo\/image\/","url":"https:\/\/francois-pelletant.fr\/blog\/wp-content\/uploads\/2024\/07\/icone-francois-centre-500p.png","contentUrl":"https:\/\/francois-pelletant.fr\/blog\/wp-content\/uploads\/2024\/07\/icone-francois-centre-500p.png","width":559,"height":447,"caption":"Fran\u00e7ois Pelletant"},"image":{"@id":"https:\/\/francois-pelletant.fr\/blog\/#\/schema\/logo\/image\/"},"sameAs":["https:\/\/www.facebook.com\/francois.pelletant.7","https:\/\/x.com\/pelletant"]}]}},"_links":{"self":[{"href":"https:\/\/francois-pelletant.fr\/blog\/wp-json\/wp\/v2\/pages\/457","targetHints":{"allow":["GET"]}}],"collection":[{"href":"https:\/\/francois-pelletant.fr\/blog\/wp-json\/wp\/v2\/pages"}],"about":[{"href":"https:\/\/francois-pelletant.fr\/blog\/wp-json\/wp\/v2\/types\/page"}],"author":[{"embeddable":true,"href":"https:\/\/francois-pelletant.fr\/blog\/wp-json\/wp\/v2\/users\/2"}],"replies":[{"embeddable":true,"href":"https:\/\/francois-pelletant.fr\/blog\/wp-json\/wp\/v2\/comments?post=457"}],"version-history":[{"count":0,"href":"https:\/\/francois-pelletant.fr\/blog\/wp-json\/wp\/v2\/pages\/457\/revisions"}],"wp:attachment":[{"href":"https:\/\/francois-pelletant.fr\/blog\/wp-json\/wp\/v2\/media?parent=457"}],"curies":[{"name":"wp","href":"https:\/\/api.w.org\/{rel}","templated":true}]}}