{"id":4633,"date":"2014-09-08T16:40:04","date_gmt":"2014-09-08T14:40:04","guid":{"rendered":"https:\/\/francois-pelletant.fr\/blog\/?page_id=4633"},"modified":"2014-09-08T16:40:04","modified_gmt":"2014-09-08T14:40:04","slug":"patricia-brunel","status":"publish","type":"page","link":"https:\/\/francois-pelletant.fr\/blog\/patricia-brunel\/","title":{"rendered":"Patricia BRUNEL"},"content":{"rendered":"<h2><a href=\"https:\/\/francois-pelletant.fr\/blog\/wp-content\/uploads\/2014\/03\/BRUNEL.jpg\"><img loading=\"lazy\" decoding=\"async\" class=\"alignleft\" title=\"BRUNEL\" src=\"https:\/\/francois-pelletant.fr\/blog\/wp-content\/uploads\/2014\/03\/BRUNEL-201x300.jpg\" alt=\"\" width=\"141\" height=\"210\" \/><span style=\"font-size: 1.5em; font-weight: normal;\">Patricia BRUNEL<\/span><\/a><\/h2>\n<h3>Ma 1\u00e8re Adjointe<\/h3>\n<p>En charge du personnel, de la culture, des f\u00eates, du jumelage et des associations, ma premi\u00e8re adjointe tient un r\u00f4le central \u00e0 la Mairie de Linas et m\u2019\u00e9paule au quotidien. Passionn\u00e9e d\u2019art, elle s\u2019occupe \u00e9galement de la f\u00eate de la peinture pour les villes voisines. Patricia conna\u00eet son r\u00f4le sur le bout des doigts, et pas seulement lorsqu\u2019elle devient com\u00e9dienne au th\u00e9\u00e2tre.<\/p>\n<p><a href=\"https:\/\/francois-pelletant.fr\/blog\/wp-content\/uploads\/2014\/03\/BRUNEL.jpg\"><br \/>\n<\/a><\/p>\n","protected":false},"excerpt":{"rendered":"<p>Patricia BRUNEL Ma 1\u00e8re Adjointe En charge du personnel, de la culture, des f\u00eates, du jumelage et des associations, ma premi\u00e8re adjointe tient un r\u00f4le central \u00e0 la Mairie de Linas et m\u2019\u00e9paule au quotidien. Passionn\u00e9e d\u2019art, elle s\u2019occupe \u00e9galement de la f\u00eate de la peinture pour les villes voisines. Patricia conna\u00eet son r\u00f4le sur [&hellip;]<\/p>\n","protected":false},"author":1,"featured_media":0,"parent":0,"menu_order":0,"comment_status":"open","ping_status":"open","template":"","meta":{"footnotes":""},"class_list":["post-4633","page","type-page","status-publish","hentry"],"yoast_head":"<!-- This site is optimized with the Yoast SEO plugin v25.6 - https:\/\/yoast.com\/wordpress\/plugins\/seo\/ -->\n<title>Patricia BRUNEL - Fran\u00e7ois Pelletant<\/title>\n<meta name=\"robots\" content=\"index, follow, max-snippet:-1, max-image-preview:large, max-video-preview:-1\" \/>\n<link rel=\"canonical\" href=\"https:\/\/francois-pelletant.fr\/blog\/patricia-brunel\/\" \/>\n<meta property=\"og:locale\" content=\"fr_FR\" \/>\n<meta property=\"og:type\" content=\"article\" \/>\n<meta property=\"og:title\" content=\"Patricia BRUNEL - Fran\u00e7ois Pelletant\" \/>\n<meta property=\"og:description\" content=\"Patricia BRUNEL Ma 1\u00e8re Adjointe En charge du personnel, de la culture, des f\u00eates, du jumelage et des associations, ma premi\u00e8re adjointe tient un r\u00f4le central \u00e0 la Mairie de Linas et m\u2019\u00e9paule au quotidien. Passionn\u00e9e d\u2019art, elle s\u2019occupe \u00e9galement de la f\u00eate de la peinture pour les villes voisines. Patricia conna\u00eet son r\u00f4le sur [&hellip;]\" \/>\n<meta property=\"og:url\" content=\"https:\/\/francois-pelletant.fr\/blog\/patricia-brunel\/\" \/>\n<meta property=\"og:site_name\" content=\"Fran\u00e7ois Pelletant\" \/>\n<meta property=\"article:publisher\" content=\"https:\/\/www.facebook.com\/francois.pelletant.7\" \/>\n<meta property=\"og:image\" content=\"https:\/\/francois-pelletant.fr\/blog\/wp-content\/uploads\/2014\/03\/BRUNEL-201x300.jpg\" \/>\n<meta name=\"twitter:card\" content=\"summary_large_image\" \/>\n<meta name=\"twitter:site\" content=\"@pelletant\" \/>\n<script type=\"application\/ld+json\" class=\"yoast-schema-graph\">{\"@context\":\"https:\/\/schema.org\",\"@graph\":[{\"@type\":\"WebPage\",\"@id\":\"https:\/\/francois-pelletant.fr\/blog\/patricia-brunel\/\",\"url\":\"https:\/\/francois-pelletant.fr\/blog\/patricia-brunel\/\",\"name\":\"Patricia BRUNEL - Fran\u00e7ois Pelletant\",\"isPartOf\":{\"@id\":\"https:\/\/francois-pelletant.fr\/blog\/#website\"},\"primaryImageOfPage\":{\"@id\":\"https:\/\/francois-pelletant.fr\/blog\/patricia-brunel\/#primaryimage\"},\"image\":{\"@id\":\"https:\/\/francois-pelletant.fr\/blog\/patricia-brunel\/#primaryimage\"},\"thumbnailUrl\":\"https:\/\/francois-pelletant.fr\/blog\/wp-content\/uploads\/2014\/03\/BRUNEL-201x300.jpg\",\"datePublished\":\"2014-09-08T14:40:04+00:00\",\"breadcrumb\":{\"@id\":\"https:\/\/francois-pelletant.fr\/blog\/patricia-brunel\/#breadcrumb\"},\"inLanguage\":\"fr-FR\",\"potentialAction\":[{\"@type\":\"ReadAction\",\"target\":[\"https:\/\/francois-pelletant.fr\/blog\/patricia-brunel\/\"]}]},{\"@type\":\"ImageObject\",\"inLanguage\":\"fr-FR\",\"@id\":\"https:\/\/francois-pelletant.fr\/blog\/patricia-brunel\/#primaryimage\",\"url\":\"https:\/\/francois-pelletant.fr\/blog\/wp-content\/uploads\/2014\/03\/BRUNEL.jpg\",\"contentUrl\":\"https:\/\/francois-pelletant.fr\/blog\/wp-content\/uploads\/2014\/03\/BRUNEL.jpg\",\"width\":489,\"height\":728},{\"@type\":\"BreadcrumbList\",\"@id\":\"https:\/\/francois-pelletant.fr\/blog\/patricia-brunel\/#breadcrumb\",\"itemListElement\":[{\"@type\":\"ListItem\",\"position\":1,\"name\":\"Accueil\",\"item\":\"https:\/\/francois-pelletant.fr\/blog\/\"},{\"@type\":\"ListItem\",\"position\":2,\"name\":\"Patricia BRUNEL\"}]},{\"@type\":\"WebSite\",\"@id\":\"https:\/\/francois-pelletant.fr\/blog\/#website\",\"url\":\"https:\/\/francois-pelletant.fr\/blog\/\",\"name\":\"Fran\u00e7ois Pelletant\",\"description\":\"Maire de Linas, pour toujours.\",\"publisher\":{\"@id\":\"https:\/\/francois-pelletant.fr\/blog\/#organization\"},\"potentialAction\":[{\"@type\":\"SearchAction\",\"target\":{\"@type\":\"EntryPoint\",\"urlTemplate\":\"https:\/\/francois-pelletant.fr\/blog\/?s={search_term_string}\"},\"query-input\":{\"@type\":\"PropertyValueSpecification\",\"valueRequired\":true,\"valueName\":\"search_term_string\"}}],\"inLanguage\":\"fr-FR\"},{\"@type\":\"Organization\",\"@id\":\"https:\/\/francois-pelletant.fr\/blog\/#organization\",\"name\":\"Fran\u00e7ois Pelletant\",\"url\":\"https:\/\/francois-pelletant.fr\/blog\/\",\"logo\":{\"@type\":\"ImageObject\",\"inLanguage\":\"fr-FR\",\"@id\":\"https:\/\/francois-pelletant.fr\/blog\/#\/schema\/logo\/image\/\",\"url\":\"https:\/\/francois-pelletant.fr\/blog\/wp-content\/uploads\/2024\/07\/icone-francois-centre-500p.png\",\"contentUrl\":\"https:\/\/francois-pelletant.fr\/blog\/wp-content\/uploads\/2024\/07\/icone-francois-centre-500p.png\",\"width\":559,\"height\":447,\"caption\":\"Fran\u00e7ois Pelletant\"},\"image\":{\"@id\":\"https:\/\/francois-pelletant.fr\/blog\/#\/schema\/logo\/image\/\"},\"sameAs\":[\"https:\/\/www.facebook.com\/francois.pelletant.7\",\"https:\/\/x.com\/pelletant\"]}]}<\/script>\n<!-- \/ Yoast SEO plugin. -->","yoast_head_json":{"title":"Patricia BRUNEL - Fran\u00e7ois Pelletant","robots":{"index":"index","follow":"follow","max-snippet":"max-snippet:-1","max-image-preview":"max-image-preview:large","max-video-preview":"max-video-preview:-1"},"canonical":"https:\/\/francois-pelletant.fr\/blog\/patricia-brunel\/","og_locale":"fr_FR","og_type":"article","og_title":"Patricia BRUNEL - Fran\u00e7ois Pelletant","og_description":"Patricia BRUNEL Ma 1\u00e8re Adjointe En charge du personnel, de la culture, des f\u00eates, du jumelage et des associations, ma premi\u00e8re adjointe tient un r\u00f4le central \u00e0 la Mairie de Linas et m\u2019\u00e9paule au quotidien. Passionn\u00e9e d\u2019art, elle s\u2019occupe \u00e9galement de la f\u00eate de la peinture pour les villes voisines. Patricia conna\u00eet son r\u00f4le sur [&hellip;]","og_url":"https:\/\/francois-pelletant.fr\/blog\/patricia-brunel\/","og_site_name":"Fran\u00e7ois Pelletant","article_publisher":"https:\/\/www.facebook.com\/francois.pelletant.7","og_image":[{"url":"https:\/\/francois-pelletant.fr\/blog\/wp-content\/uploads\/2014\/03\/BRUNEL-201x300.jpg","type":"","width":"","height":""}],"twitter_card":"summary_large_image","twitter_site":"@pelletant","schema":{"@context":"https:\/\/schema.org","@graph":[{"@type":"WebPage","@id":"https:\/\/francois-pelletant.fr\/blog\/patricia-brunel\/","url":"https:\/\/francois-pelletant.fr\/blog\/patricia-brunel\/","name":"Patricia BRUNEL - Fran\u00e7ois Pelletant","isPartOf":{"@id":"https:\/\/francois-pelletant.fr\/blog\/#website"},"primaryImageOfPage":{"@id":"https:\/\/francois-pelletant.fr\/blog\/patricia-brunel\/#primaryimage"},"image":{"@id":"https:\/\/francois-pelletant.fr\/blog\/patricia-brunel\/#primaryimage"},"thumbnailUrl":"https:\/\/francois-pelletant.fr\/blog\/wp-content\/uploads\/2014\/03\/BRUNEL-201x300.jpg","datePublished":"2014-09-08T14:40:04+00:00","breadcrumb":{"@id":"https:\/\/francois-pelletant.fr\/blog\/patricia-brunel\/#breadcrumb"},"inLanguage":"fr-FR","potentialAction":[{"@type":"ReadAction","target":["https:\/\/francois-pelletant.fr\/blog\/patricia-brunel\/"]}]},{"@type":"ImageObject","inLanguage":"fr-FR","@id":"https:\/\/francois-pelletant.fr\/blog\/patricia-brunel\/#primaryimage","url":"https:\/\/francois-pelletant.fr\/blog\/wp-content\/uploads\/2014\/03\/BRUNEL.jpg","contentUrl":"https:\/\/francois-pelletant.fr\/blog\/wp-content\/uploads\/2014\/03\/BRUNEL.jpg","width":489,"height":728},{"@type":"BreadcrumbList","@id":"https:\/\/francois-pelletant.fr\/blog\/patricia-brunel\/#breadcrumb","itemListElement":[{"@type":"ListItem","position":1,"name":"Accueil","item":"https:\/\/francois-pelletant.fr\/blog\/"},{"@type":"ListItem","position":2,"name":"Patricia BRUNEL"}]},{"@type":"WebSite","@id":"https:\/\/francois-pelletant.fr\/blog\/#website","url":"https:\/\/francois-pelletant.fr\/blog\/","name":"Fran\u00e7ois Pelletant","description":"Maire de Linas, pour toujours.","publisher":{"@id":"https:\/\/francois-pelletant.fr\/blog\/#organization"},"potentialAction":[{"@type":"SearchAction","target":{"@type":"EntryPoint","urlTemplate":"https:\/\/francois-pelletant.fr\/blog\/?s={search_term_string}"},"query-input":{"@type":"PropertyValueSpecification","valueRequired":true,"valueName":"search_term_string"}}],"inLanguage":"fr-FR"},{"@type":"Organization","@id":"https:\/\/francois-pelletant.fr\/blog\/#organization","name":"Fran\u00e7ois Pelletant","url":"https:\/\/francois-pelletant.fr\/blog\/","logo":{"@type":"ImageObject","inLanguage":"fr-FR","@id":"https:\/\/francois-pelletant.fr\/blog\/#\/schema\/logo\/image\/","url":"https:\/\/francois-pelletant.fr\/blog\/wp-content\/uploads\/2024\/07\/icone-francois-centre-500p.png","contentUrl":"https:\/\/francois-pelletant.fr\/blog\/wp-content\/uploads\/2024\/07\/icone-francois-centre-500p.png","width":559,"height":447,"caption":"Fran\u00e7ois Pelletant"},"image":{"@id":"https:\/\/francois-pelletant.fr\/blog\/#\/schema\/logo\/image\/"},"sameAs":["https:\/\/www.facebook.com\/francois.pelletant.7","https:\/\/x.com\/pelletant"]}]}},"_links":{"self":[{"href":"https:\/\/francois-pelletant.fr\/blog\/wp-json\/wp\/v2\/pages\/4633","targetHints":{"allow":["GET"]}}],"collection":[{"href":"https:\/\/francois-pelletant.fr\/blog\/wp-json\/wp\/v2\/pages"}],"about":[{"href":"https:\/\/francois-pelletant.fr\/blog\/wp-json\/wp\/v2\/types\/page"}],"author":[{"embeddable":true,"href":"https:\/\/francois-pelletant.fr\/blog\/wp-json\/wp\/v2\/users\/1"}],"replies":[{"embeddable":true,"href":"https:\/\/francois-pelletant.fr\/blog\/wp-json\/wp\/v2\/comments?post=4633"}],"version-history":[{"count":0,"href":"https:\/\/francois-pelletant.fr\/blog\/wp-json\/wp\/v2\/pages\/4633\/revisions"}],"wp:attachment":[{"href":"https:\/\/francois-pelletant.fr\/blog\/wp-json\/wp\/v2\/media?parent=4633"}],"curies":[{"name":"wp","href":"https:\/\/api.w.org\/{rel}","templated":true}]}}